{"id":24,"date":"2024-07-28T14:06:50","date_gmt":"2024-07-28T12:06:50","guid":{"rendered":"https:\/\/www2.netzthaler-diamantbohr.at\/?page_id=24"},"modified":"2024-12-01T18:10:00","modified_gmt":"2024-12-01T17:10:00","slug":"start","status":"publish","type":"page","link":"https:\/\/www2.netzthaler-diamantbohr.at\/","title":{"rendered":"Home"},"content":{"rendered":"\n<div id=\"Kernbohrungen\" class=\"wp-block-uagb-container uagb-block-6b3d18db alignfull uagb-is-root-container\"><div class=\"uagb-container-inner-blocks-wrap\">\n<div class=\"wp-block-uagb-container uagb-block-ead5e708\">\n<div class=\"wp-block-uagb-container uagb-layout-grid uagb-block-0c3abc63 alignfull uagb-is-root-container\"><div class=\"uagb-container-inner-blocks-wrap\">\n<div class=\"wp-block-uagb-advanced-heading uagb-block-e9bf32d1\"><h1 class=\"uagb-heading-text\"><strong>Kernbohrungen<\/strong><\/h1><\/div>\n<\/div><\/div>\n\n\n\n<div class=\"wp-block-uagb-container uagb-block-3b0672f4 alignfull uagb-is-root-container\"><div class=\"uagb-container-inner-blocks-wrap\">\n<div class=\"wp-block-uagb-container uagb-block-bce80e47\">\n<div class=\"wp-block-uagb-slider uagb-block-b315be1e uagb-slider-container\"><div class=\"uagb-slides uagb-swiper\"><div class=\"swiper-wrapper\">\n<div class=\"wp-block-uagb-slider-child uagb-slider-child-wrap swiper-slide uagb-block-3de59e21\"><div class=\"swiper-content\">\n<div class=\"wp-block-uagb-container uagb-block-39da69e4\">\n<figure class=\"wp-block-image aligncenter size-large is-resized\"><img loading=\"lazy\" decoding=\"async\" width=\"768\" height=\"1024\" src=\"https:\/\/www2.netzthaler-diamantbohr.at\/wp-content\/uploads\/2024\/11\/Kernbohrung_11-768x1024.jpg\" alt=\"\" class=\"wp-image-162\" style=\"width:241px;height:auto\" srcset=\"https:\/\/www2.netzthaler-diamantbohr.at\/wp-content\/uploads\/2024\/11\/Kernbohrung_11-768x1024.jpg 768w, https:\/\/www2.netzthaler-diamantbohr.at\/wp-content\/uploads\/2024\/11\/Kernbohrung_11-225x300.jpg 225w, https:\/\/www2.netzthaler-diamantbohr.at\/wp-content\/uploads\/2024\/11\/Kernbohrung_11-1152x1536.jpg 1152w, https:\/\/www2.netzthaler-diamantbohr.at\/wp-content\/uploads\/2024\/11\/Kernbohrung_11-1536x2048.jpg 1536w, https:\/\/www2.netzthaler-diamantbohr.at\/wp-content\/uploads\/2024\/11\/Kernbohrung_11-scaled.jpg 1920w\" sizes=\"auto, (max-width: 768px) 100vw, 768px\" \/><\/figure>\n<\/div>\n<\/div><\/div>\n\n\n\n<div class=\"wp-block-uagb-slider-child uagb-slider-child-wrap swiper-slide uagb-block-8eb9796c\"><div class=\"swiper-content\">\n<div class=\"wp-block-uagb-container uagb-block-57cc3baa\">\n<div class=\"wp-block-uagb-image aligncenter uagb-block-8e4e4f2a wp-block-uagb-image--layout-default wp-block-uagb-image--effect-static wp-block-uagb-image--align-center\"><figure class=\"wp-block-uagb-image__figure\"><img decoding=\"async\" srcset=\"https:\/\/www2.netzthaler-diamantbohr.at\/wp-content\/uploads\/2024\/08\/Kernbohrung_4-768x1024.jpg ,https:\/\/www2.netzthaler-diamantbohr.at\/wp-content\/uploads\/2024\/08\/Kernbohrung_4-scaled.jpg 780w, https:\/\/www2.netzthaler-diamantbohr.at\/wp-content\/uploads\/2024\/08\/Kernbohrung_4-scaled.jpg 360w\" sizes=\"auto, (max-width: 480px) 150px\" src=\"https:\/\/www2.netzthaler-diamantbohr.at\/wp-content\/uploads\/2024\/08\/Kernbohrung_4-768x1024.jpg\" alt=\"\" class=\"uag-image-83\" width=\"232\" height=\"308\" title=\"Kernbohrung_4\" loading=\"lazy\" role=\"img\"\/><\/figure><\/div>\n<\/div>\n<\/div><\/div>\n\n\n\n<div class=\"wp-block-uagb-slider-child uagb-slider-child-wrap swiper-slide uagb-block-1ea3bd68\"><div class=\"swiper-content\">\n<div class=\"wp-block-uagb-container uagb-block-f73a4ca9\">\n<figure class=\"wp-block-image aligncenter size-large is-resized\"><img loading=\"lazy\" decoding=\"async\" width=\"768\" height=\"1024\" src=\"https:\/\/www2.netzthaler-diamantbohr.at\/wp-content\/uploads\/2024\/11\/Kernbohrung_10-768x1024.jpg\" alt=\"\" class=\"wp-image-161\" style=\"width:239px;height:auto\" srcset=\"https:\/\/www2.netzthaler-diamantbohr.at\/wp-content\/uploads\/2024\/11\/Kernbohrung_10-768x1024.jpg 768w, https:\/\/www2.netzthaler-diamantbohr.at\/wp-content\/uploads\/2024\/11\/Kernbohrung_10-225x300.jpg 225w, https:\/\/www2.netzthaler-diamantbohr.at\/wp-content\/uploads\/2024\/11\/Kernbohrung_10-1152x1536.jpg 1152w, https:\/\/www2.netzthaler-diamantbohr.at\/wp-content\/uploads\/2024\/11\/Kernbohrung_10-1536x2048.jpg 1536w, https:\/\/www2.netzthaler-diamantbohr.at\/wp-content\/uploads\/2024\/11\/Kernbohrung_10-scaled.jpg 1920w\" sizes=\"auto, (max-width: 768px) 100vw, 768px\" \/><\/figure>\n<\/div>\n<\/div><\/div>\n<\/div><\/div><div class=\"swiper-pagination\"><\/div><div class=\"swiper-button-prev\"><\/div><div class=\"swiper-button-next\"><\/div><\/div>\n<\/div>\n\n\n\n<div class=\"wp-block-uagb-container uagb-block-4d8e938c\">\n<p class=\"has-medium-font-size\">Kernbohrungen werden vibrations- und ersch\u00fctterungs\u00adfrei durchgef\u00fchrt.<\/p>\n\n\n\n<p class=\"has-medium-font-size\">F\u00fcr nach\u00adtr\u00e4g\u00adliche Durch\u00adbr\u00fcche und Aus\u00adsparungen sind Kern\u00adbohrungen eine sichere und saubere Methode. Unser Bohr\u00adsystem erm\u00f6glicht pr\u00e4zise Bohrungen in den  verschiedensten Winkeln und Durchmessern.<\/p>\n<\/div>\n<\/div><\/div>\n<\/div>\n<\/div><\/div>\n\n\n\n<div id=\"Seilsaegen\" class=\"wp-block-uagb-container uagb-block-0ae83f2b alignfull uagb-is-root-container\"><div class=\"uagb-container-inner-blocks-wrap\">\n<div class=\"wp-block-uagb-container uagb-block-84a9c35e\">\n<div class=\"wp-block-uagb-container uagb-layout-grid uagb-block-2cd3da43 alignfull uagb-is-root-container\"><div class=\"uagb-container-inner-blocks-wrap\">\n<div class=\"wp-block-uagb-advanced-heading uagb-block-32fdaf3f\"><h1 class=\"uagb-heading-text\"><strong>Seils\u00e4gen<\/strong><\/h1><\/div>\n<\/div><\/div>\n\n\n\n<div class=\"wp-block-uagb-container uagb-layout-flex uagb-block-1843f260 alignfull uagb-is-root-container\"><div class=\"uagb-container-inner-blocks-wrap\">\n<div class=\"wp-block-uagb-container uagb-block-db0693d6\">\n<div class=\"wp-block-uagb-slider uagb-block-76b031a7 uagb-slider-container\"><div class=\"uagb-slides uagb-swiper\"><div class=\"swiper-wrapper\">\n<div class=\"wp-block-uagb-slider-child uagb-slider-child-wrap swiper-slide uagb-block-7a63e82f\"><div class=\"swiper-content\">\n<div class=\"wp-block-uagb-container uagb-block-925825e1\">\n<figure class=\"wp-block-image aligncenter size-large is-resized\"><img loading=\"lazy\" decoding=\"async\" width=\"1024\" height=\"768\" src=\"https:\/\/www2.netzthaler-diamantbohr.at\/wp-content\/uploads\/2024\/11\/Seilsaegen_1-1024x768.jpg\" alt=\"\" class=\"wp-image-172\" style=\"width:343px;height:auto\" srcset=\"https:\/\/www2.netzthaler-diamantbohr.at\/wp-content\/uploads\/2024\/11\/Seilsaegen_1-1024x768.jpg 1024w, https:\/\/www2.netzthaler-diamantbohr.at\/wp-content\/uploads\/2024\/11\/Seilsaegen_1-300x225.jpg 300w, https:\/\/www2.netzthaler-diamantbohr.at\/wp-content\/uploads\/2024\/11\/Seilsaegen_1-768x576.jpg 768w, https:\/\/www2.netzthaler-diamantbohr.at\/wp-content\/uploads\/2024\/11\/Seilsaegen_1-1536x1152.jpg 1536w, https:\/\/www2.netzthaler-diamantbohr.at\/wp-content\/uploads\/2024\/11\/Seilsaegen_1-2048x1536.jpg 2048w\" sizes=\"auto, (max-width: 1024px) 100vw, 1024px\" \/><\/figure>\n<\/div>\n<\/div><\/div>\n\n\n\n<div class=\"wp-block-uagb-slider-child uagb-slider-child-wrap swiper-slide uagb-block-d1a38e0a\"><div class=\"swiper-content\">\n<div class=\"wp-block-uagb-container uagb-block-5c818921\">\n<figure class=\"wp-block-image aligncenter size-large\"><img loading=\"lazy\" decoding=\"async\" width=\"1024\" height=\"768\" src=\"https:\/\/www2.netzthaler-diamantbohr.at\/wp-content\/uploads\/2024\/11\/Seilsaegen_3-1024x768.jpg\" alt=\"\" class=\"wp-image-174\" srcset=\"https:\/\/www2.netzthaler-diamantbohr.at\/wp-content\/uploads\/2024\/11\/Seilsaegen_3-1024x768.jpg 1024w, https:\/\/www2.netzthaler-diamantbohr.at\/wp-content\/uploads\/2024\/11\/Seilsaegen_3-300x225.jpg 300w, https:\/\/www2.netzthaler-diamantbohr.at\/wp-content\/uploads\/2024\/11\/Seilsaegen_3-768x576.jpg 768w, https:\/\/www2.netzthaler-diamantbohr.at\/wp-content\/uploads\/2024\/11\/Seilsaegen_3-1536x1152.jpg 1536w, https:\/\/www2.netzthaler-diamantbohr.at\/wp-content\/uploads\/2024\/11\/Seilsaegen_3-2048x1536.jpg 2048w\" sizes=\"auto, (max-width: 1024px) 100vw, 1024px\" \/><\/figure>\n<\/div>\n<\/div><\/div>\n\n\n\n<div class=\"wp-block-uagb-slider-child uagb-slider-child-wrap swiper-slide uagb-block-82d48c7c\"><div class=\"swiper-content\">\n<div class=\"wp-block-uagb-container uagb-block-42f66850\">\n<figure class=\"wp-block-image alignfull size-large\"><img loading=\"lazy\" decoding=\"async\" width=\"1024\" height=\"768\" src=\"https:\/\/www2.netzthaler-diamantbohr.at\/wp-content\/uploads\/2024\/11\/Seilsaegen_4-1024x768.jpg\" alt=\"\" class=\"wp-image-175\" srcset=\"https:\/\/www2.netzthaler-diamantbohr.at\/wp-content\/uploads\/2024\/11\/Seilsaegen_4-1024x768.jpg 1024w, https:\/\/www2.netzthaler-diamantbohr.at\/wp-content\/uploads\/2024\/11\/Seilsaegen_4-300x225.jpg 300w, https:\/\/www2.netzthaler-diamantbohr.at\/wp-content\/uploads\/2024\/11\/Seilsaegen_4-768x576.jpg 768w, https:\/\/www2.netzthaler-diamantbohr.at\/wp-content\/uploads\/2024\/11\/Seilsaegen_4-1536x1152.jpg 1536w, https:\/\/www2.netzthaler-diamantbohr.at\/wp-content\/uploads\/2024\/11\/Seilsaegen_4-2048x1536.jpg 2048w\" sizes=\"auto, (max-width: 1024px) 100vw, 1024px\" \/><\/figure>\n<\/div>\n<\/div><\/div>\n<\/div><\/div><div class=\"swiper-pagination\"><\/div><div class=\"swiper-button-prev\"><\/div><div class=\"swiper-button-next\"><\/div><\/div>\n<\/div>\n\n\n\n<div class=\"wp-block-uagb-container uagb-block-ef6f16c2\">\n<p class=\"has-medium-font-size\">Die Seils\u00e4ge wird f\u00fcr Schneidarbeiten an gro\u00dfen Strukturen wie dicke Mauern, Br\u00fcckenpfeiler oder Fundamenten und \u00c4hnliches verwendet.<br><br>Das Diamantseil erm\u00f6glicht dabei pr\u00e4zise Schnitte \u00fcberall dort, wo die herk\u00f6mmlichen Schneidwerkzeuge nicht mehr verwendet werden k\u00f6nnen.<\/p>\n<\/div>\n<\/div><\/div>\n<\/div>\n<\/div><\/div>\n\n\n\n<div id=\"Fugenschneiden\" class=\"wp-block-uagb-container uagb-block-60b0ea7c alignfull uagb-is-root-container\"><div class=\"uagb-container-inner-blocks-wrap\">\n<div class=\"wp-block-uagb-container uagb-block-ed0eaee9\">\n<div class=\"wp-block-uagb-container uagb-layout-grid uagb-block-d282a9bd alignfull uagb-is-root-container\"><div class=\"uagb-container-inner-blocks-wrap\">\n<div class=\"wp-block-uagb-advanced-heading uagb-block-587cd9f6\"><h1 class=\"uagb-heading-text\"><strong>Fugenschneiden<\/strong><\/h1><\/div>\n<\/div><\/div>\n\n\n\n<div class=\"wp-block-uagb-container uagb-layout-flex uagb-block-370fc4b9 alignfull uagb-is-root-container\"><div class=\"uagb-container-inner-blocks-wrap\">\n<div class=\"wp-block-uagb-container uagb-block-dbc8d501\">\n<figure class=\"wp-block-image size-large\"><img loading=\"lazy\" decoding=\"async\" width=\"1024\" height=\"768\" src=\"https:\/\/www2.netzthaler-diamantbohr.at\/wp-content\/uploads\/2024\/08\/Fugenschneiden_1-1024x768.jpg\" alt=\"\" class=\"wp-image-82\" srcset=\"https:\/\/www2.netzthaler-diamantbohr.at\/wp-content\/uploads\/2024\/08\/Fugenschneiden_1-1024x768.jpg 1024w, https:\/\/www2.netzthaler-diamantbohr.at\/wp-content\/uploads\/2024\/08\/Fugenschneiden_1-300x225.jpg 300w, https:\/\/www2.netzthaler-diamantbohr.at\/wp-content\/uploads\/2024\/08\/Fugenschneiden_1-768x576.jpg 768w, https:\/\/www2.netzthaler-diamantbohr.at\/wp-content\/uploads\/2024\/08\/Fugenschneiden_1-1536x1152.jpg 1536w, https:\/\/www2.netzthaler-diamantbohr.at\/wp-content\/uploads\/2024\/08\/Fugenschneiden_1-2048x1536.jpg 2048w\" sizes=\"auto, (max-width: 1024px) 100vw, 1024px\" \/><\/figure>\n<\/div>\n\n\n\n<div class=\"wp-block-uagb-container uagb-block-8d3f5028\">\n<p class=\"has-medium-font-size\">Der Fugenschneider wird f\u00fcr Schnitte in Asphalt, Beton, Stahlbeton und anderen Baustoffen f\u00fcr pr\u00e4zise Boden- und Trennfugen verwendet.<br><\/p>\n<\/div>\n<\/div><\/div>\n<\/div>\n<\/div><\/div>\n\n\n\n<div id=\"Wandsaegen\" class=\"wp-block-uagb-container uagb-block-e8ae4ead alignfull uagb-is-root-container\"><div class=\"uagb-container-inner-blocks-wrap\">\n<div class=\"wp-block-uagb-container uagb-block-7ed678df\">\n<div class=\"wp-block-uagb-container uagb-layout-grid uagb-block-4993143b alignfull uagb-is-root-container\"><div class=\"uagb-container-inner-blocks-wrap\">\n<div class=\"wp-block-uagb-advanced-heading uagb-block-2cf7345f\"><h1 class=\"uagb-heading-text\"><strong>Wands\u00e4gen<\/strong><\/h1><\/div>\n<\/div><\/div>\n\n\n\n<div class=\"wp-block-uagb-container uagb-layout-flex uagb-block-c25d51e1 alignfull uagb-is-root-container\"><div class=\"uagb-container-inner-blocks-wrap\">\n<div class=\"wp-block-uagb-container uagb-block-0981be98\">\n<div class=\"wp-block-uagb-slider uagb-block-37b5fd7b uagb-slider-container\"><div class=\"uagb-slides uagb-swiper\"><div class=\"swiper-wrapper\">\n<div class=\"wp-block-uagb-slider-child uagb-slider-child-wrap swiper-slide uagb-block-ed1c29f8\"><div class=\"swiper-content\">\n<div class=\"wp-block-uagb-container uagb-block-ca971a40\">\n<figure class=\"wp-block-image aligncenter size-large is-resized\"><img loading=\"lazy\" decoding=\"async\" width=\"769\" height=\"1024\" src=\"https:\/\/www2.netzthaler-diamantbohr.at\/wp-content\/uploads\/2024\/12\/Wandsaegen_12-769x1024.jpg\" alt=\"\" class=\"wp-image-270\" style=\"width:258px;height:auto\" srcset=\"https:\/\/www2.netzthaler-diamantbohr.at\/wp-content\/uploads\/2024\/12\/Wandsaegen_12-769x1024.jpg 769w, https:\/\/www2.netzthaler-diamantbohr.at\/wp-content\/uploads\/2024\/12\/Wandsaegen_12-225x300.jpg 225w, https:\/\/www2.netzthaler-diamantbohr.at\/wp-content\/uploads\/2024\/12\/Wandsaegen_12-768x1023.jpg 768w, https:\/\/www2.netzthaler-diamantbohr.at\/wp-content\/uploads\/2024\/12\/Wandsaegen_12-1153x1536.jpg 1153w, https:\/\/www2.netzthaler-diamantbohr.at\/wp-content\/uploads\/2024\/12\/Wandsaegen_12.jpg 1537w\" sizes=\"auto, (max-width: 769px) 100vw, 769px\" \/><\/figure>\n<\/div>\n<\/div><\/div>\n\n\n\n<div class=\"wp-block-uagb-slider-child uagb-slider-child-wrap swiper-slide uagb-block-d7827230\"><div class=\"swiper-content\">\n<div class=\"wp-block-uagb-container uagb-block-4c5da77b\">\n<figure class=\"wp-block-image aligncenter size-large is-resized\"><img loading=\"lazy\" decoding=\"async\" width=\"768\" height=\"1024\" src=\"https:\/\/www2.netzthaler-diamantbohr.at\/wp-content\/uploads\/2024\/11\/Wandsaegen_8-768x1024.jpg\" alt=\"\" class=\"wp-image-200\" style=\"width:261px;height:auto\" srcset=\"https:\/\/www2.netzthaler-diamantbohr.at\/wp-content\/uploads\/2024\/11\/Wandsaegen_8-768x1024.jpg 768w, https:\/\/www2.netzthaler-diamantbohr.at\/wp-content\/uploads\/2024\/11\/Wandsaegen_8-225x300.jpg 225w, https:\/\/www2.netzthaler-diamantbohr.at\/wp-content\/uploads\/2024\/11\/Wandsaegen_8-1152x1536.jpg 1152w, https:\/\/www2.netzthaler-diamantbohr.at\/wp-content\/uploads\/2024\/11\/Wandsaegen_8-1536x2048.jpg 1536w, https:\/\/www2.netzthaler-diamantbohr.at\/wp-content\/uploads\/2024\/11\/Wandsaegen_8-scaled.jpg 1920w\" sizes=\"auto, (max-width: 768px) 100vw, 768px\" \/><\/figure>\n<\/div>\n<\/div><\/div>\n\n\n\n<div class=\"wp-block-uagb-slider-child uagb-slider-child-wrap swiper-slide uagb-block-c9d59d61\"><div class=\"swiper-content\">\n<div class=\"wp-block-uagb-container uagb-block-fc8303d1\">\n<figure class=\"wp-block-image aligncenter size-large is-resized\"><img loading=\"lazy\" decoding=\"async\" width=\"768\" height=\"1024\" src=\"https:\/\/www2.netzthaler-diamantbohr.at\/wp-content\/uploads\/2024\/11\/Wandsaegen_3-768x1024.jpg\" alt=\"\" class=\"wp-image-195\" style=\"width:254px;height:auto\" srcset=\"https:\/\/www2.netzthaler-diamantbohr.at\/wp-content\/uploads\/2024\/11\/Wandsaegen_3-768x1024.jpg 768w, https:\/\/www2.netzthaler-diamantbohr.at\/wp-content\/uploads\/2024\/11\/Wandsaegen_3-225x300.jpg 225w, https:\/\/www2.netzthaler-diamantbohr.at\/wp-content\/uploads\/2024\/11\/Wandsaegen_3-1152x1536.jpg 1152w, https:\/\/www2.netzthaler-diamantbohr.at\/wp-content\/uploads\/2024\/11\/Wandsaegen_3-1536x2048.jpg 1536w, https:\/\/www2.netzthaler-diamantbohr.at\/wp-content\/uploads\/2024\/11\/Wandsaegen_3-scaled.jpg 1920w\" sizes=\"auto, (max-width: 768px) 100vw, 768px\" \/><\/figure>\n<\/div>\n<\/div><\/div>\n<\/div><\/div><div class=\"swiper-pagination\"><\/div><div class=\"swiper-button-prev\"><\/div><div class=\"swiper-button-next\"><\/div><\/div>\n<\/div>\n\n\n\n<div class=\"wp-block-uagb-container uagb-block-b17d3807\">\n<p class=\"has-medium-font-size\">Mit unseren schienengef\u00fchrten, elektrisch gesteuerten Wands\u00e4gen lassen sich problemlos nachtr\u00e4glich Fenster oder T\u00fcr\u00f6ffnungen in alle Arten von Beton- oder Ziegelmauern schneiden. Wir schneiden aber genauso Naturstein nach Ihren Anforderungen.<br><br>Das Schienensystem gew\u00e4hrleistet exakte Schnittf\u00fchrung in nahezu beliebiger L\u00e4nge und das ersch\u00fctterungs- und staubfrei.<\/p>\n<\/div>\n<\/div><\/div>\n<\/div>\n<\/div><\/div>\n\n\n\n<p><\/p>\n","protected":false},"excerpt":{"rendered":"<p>Kernbohrungen Kernbohrungen werden vibrations- und ersch\u00fctterungs\u00adfrei durchgef\u00fchrt. F\u00fcr nach\u00adtr\u00e4g\u00adliche Durch\u00adbr\u00fcche und Aus\u00adsparungen sind Kern\u00adbohrungen eine sichere und saubere Methode. Unser [&hellip;]<\/p>\n","protected":false},"author":1,"featured_media":0,"parent":0,"menu_order":0,"comment_status":"closed","ping_status":"closed","template":"","meta":{"_uag_custom_page_level_css":"","site-sidebar-layout":"default","site-content-layout":"","ast-site-content-layout":"normal-width-container","site-content-style":"default","site-sidebar-style":"default","ast-global-header-display":"","ast-banner-title-visibility":"","ast-main-header-display":"","ast-hfb-above-header-display":"","ast-hfb-below-header-display":"","ast-hfb-mobile-header-display":"","site-post-title":"","ast-breadcrumbs-content":"","ast-featured-img":"","footer-sml-layout":"","theme-transparent-header-meta":"","adv-header-id-meta":"","stick-header-meta":"","header-above-stick-meta":"","header-main-stick-meta":"","header-below-stick-meta":"","astra-migrate-meta-layouts":"default","ast-page-background-enabled":"default","ast-page-background-meta":{"desktop":{"background-color":"var(--ast-global-color-4)","background-image":"","background-repeat":"repeat","background-position":"center center","background-size":"auto","background-attachment":"scroll","background-type":"","background-media":"","overlay-type":"","overlay-color":"","overlay-opacity":"","overlay-gradient":""},"tablet":{"background-color":"","background-image":"","background-repeat":"repeat","background-position":"center center","background-size":"auto","background-attachment":"scroll","background-type":"","background-media":"","overlay-type":"","overlay-color":"","overlay-opacity":"","overlay-gradient":""},"mobile":{"background-color":"","background-image":"","background-repeat":"repeat","background-position":"center center","background-size":"auto","background-attachment":"scroll","background-type":"","background-media":"","overlay-type":"","overlay-color":"","overlay-opacity":"","overlay-gradient":""}},"ast-content-background-meta":{"desktop":{"background-color":"var(--ast-global-color-5)","background-image":"","background-repeat":"repeat","background-position":"center center","background-size":"auto","background-attachment":"scroll","background-type":"","background-media":"","overlay-type":"","overlay-color":"","overlay-opacity":"","overlay-gradient":""},"tablet":{"background-color":"var(--ast-global-color-5)","background-image":"","background-repeat":"repeat","background-position":"center center","background-size":"auto","background-attachment":"scroll","background-type":"","background-media":"","overlay-type":"","overlay-color":"","overlay-opacity":"","overlay-gradient":""},"mobile":{"background-color":"var(--ast-global-color-5)","background-image":"","background-repeat":"repeat","background-position":"center center","background-size":"auto","background-attachment":"scroll","background-type":"","background-media":"","overlay-type":"","overlay-color":"","overlay-opacity":"","overlay-gradient":""}},"footnotes":""},"class_list":["post-24","page","type-page","status-publish","hentry"],"uagb_featured_image_src":{"full":false,"thumbnail":false,"medium":false,"medium_large":false,"large":false,"1536x1536":false,"2048x2048":false},"uagb_author_info":{"display_name":"Admin","author_link":"https:\/\/www2.netzthaler-diamantbohr.at\/?author=1"},"uagb_comment_info":0,"uagb_excerpt":"Kernbohrungen Kernbohrungen werden vibrations- und ersch\u00fctterungs\u00adfrei durchgef\u00fchrt. F\u00fcr nach\u00adtr\u00e4g\u00adliche Durch\u00adbr\u00fcche und Aus\u00adsparungen sind Kern\u00adbohrungen eine sichere und saubere Methode. Unser [&hellip;]","_links":{"self":[{"href":"https:\/\/www2.netzthaler-diamantbohr.at\/index.php?rest_route=\/wp\/v2\/pages\/24","targetHints":{"allow":["GET"]}}],"collection":[{"href":"https:\/\/www2.netzthaler-diamantbohr.at\/index.php?rest_route=\/wp\/v2\/pages"}],"about":[{"href":"https:\/\/www2.netzthaler-diamantbohr.at\/index.php?rest_route=\/wp\/v2\/types\/page"}],"author":[{"embeddable":true,"href":"https:\/\/www2.netzthaler-diamantbohr.at\/index.php?rest_route=\/wp\/v2\/users\/1"}],"replies":[{"embeddable":true,"href":"https:\/\/www2.netzthaler-diamantbohr.at\/index.php?rest_route=%2Fwp%2Fv2%2Fcomments&post=24"}],"version-history":[{"count":65,"href":"https:\/\/www2.netzthaler-diamantbohr.at\/index.php?rest_route=\/wp\/v2\/pages\/24\/revisions"}],"predecessor-version":[{"id":271,"href":"https:\/\/www2.netzthaler-diamantbohr.at\/index.php?rest_route=\/wp\/v2\/pages\/24\/revisions\/271"}],"wp:attachment":[{"href":"https:\/\/www2.netzthaler-diamantbohr.at\/index.php?rest_route=%2Fwp%2Fv2%2Fmedia&parent=24"}],"curies":[{"name":"wp","href":"https:\/\/api.w.org\/{rel}","templated":true}]}}